{"id":3493,"date":"2023-04-18T11:20:24","date_gmt":"2023-04-18T09:20:24","guid":{"rendered":"https:\/\/www.imosoffshore.com\/?page_id=3493"},"modified":"2023-04-18T11:21:00","modified_gmt":"2023-04-18T09:21:00","slug":"allseas-marine-contractors","status":"publish","type":"page","link":"https:\/\/www.imosoffshore.com\/es\/allseas-marine-contractors\/","title":{"rendered":"Contratistas mar\u00edtimos de Allseas\u00a0"},"content":{"rendered":"<p>Varios proyectos, algunos de ellos son:<\/p>\n\n\n\n<p>-Proyecto Sable Offshore Energy en 1999 en Canad\u00e1 a bordo del Lorelay, Solitaire y Trenchsetter. Instalaci\u00f3n de tuber\u00edas.&nbsp;<\/p>\n\n\n\n<p>-Proyecto de Desarrollo Diana\/Hoover en 1999 en el Golfo de M\u00e9xico a bordo del Solitaire y Lorelay. Instalaci\u00f3n de tuber\u00edas.<\/p>\n\n\n\n<p>-Proyecto Malampaya en 2000 en el Mar del Sur de China a bordo del Solitaire. Instalaci\u00f3n de tuber\u00edas.&nbsp;<\/p>\n\n\n\n<p>-Proyecto Marshall and Madison Flowline System en 2001 en el Golfo de M\u00e9xico a bordo del Lorelay.&nbsp;<\/p>\n\n\n\n<p>-Proyecto de instalaci\u00f3n de tuber\u00eda Maguns EOR en 2001 en el este y el oeste del tablero de Shetlandson en el solitario.<\/p>\n\n\n\n<p>-Proyecto King Development en 2001 en el Golfo de M\u00e9xico a bordo del Solitaire.&nbsp;<\/p>\n\n\n\n<p>-Proyecto de Gasoducto de Gas Natural de Tasmania en 2002 en Tasmania y Australia a bordo del Lorelay. Instalaci\u00f3n de tuber\u00edas.&nbsp;<\/p>\n\n\n\n<p>-Proyecto Nakika Export Pipeline System en 2002 en el Golfo de M\u00e9xico a bordo del Lorelay y Solitaire. Instalaci\u00f3n de tuber\u00edas.&nbsp;<\/p>\n\n\n\n<p>-Reliance Dhirubhai en 2007-2008-2009 en la Bah\u00eda de Bengala a bordo de Audacia, Lorelay, Tog Mor, Calamity Jane. Tuber\u00edas, Instalaci\u00f3n de umbilicales, Inundaciones, calibraciones y pruebas.<a href=\"https:\/\/allseas.com\/project\/reliance-dhirubhai\/audacia\"> Audacia<\/a>, <a href=\"https:\/\/allseas.com\/project\/reliance-dhirubhai\/lorelay\">Lorelay<\/a>, <a href=\"https:\/\/allseas.com\/project\/reliance-dhirubhai\/tog-mor\">Tog Mor<\/a>, <a href=\"https:\/\/allseas.com\/project\/reliance-dhirubhai\/calamity-jane\">Calamity Jane<\/a> . Pipelay, Umbilical installation, Flooding, gauging and testing.&nbsp;<\/p>\n\n\n\n<p>-Proyecto Petrobras Tupi en 2010 en Brasil a bordo del Solitario. Dise\u00f1o de estructura en l\u00ednea de interfaz (ILS) y PLET de extremo de tuber\u00eda, suministro y entrega de todas las ayudas de instalaci\u00f3n, incluido el yugo de flotabilidad.&nbsp;<\/p>\n\n\n\n<p>-Proyecto Oleoducto Profundo P62 en 2012 en Brasil a bordo del Solitaire. Instalaci\u00f3n de tuber\u00eda en alta mar, todo completo con v\u00e1lvulas en l\u00ednea y estructuras PLET.&nbsp;&nbsp;<\/p>\n\n\n\n<p class=\"translation-block\">-Sur de Texas en 2017 el Golfo de M\u00e9xico a bordo de<a href=\"https:\/\/allseas.com\/project\/sur-de-texas\/solitaire\" target=\"_self\"> Solitaire<\/a>, <a href=\"https:\/\/allseas.com\/project\/sur-de-texas\/tog-mor\" target=\"_self\">Tog Mor<\/a>, <a href=\"https:\/\/allseas.com\/project\/sur-de-texas\/calamity-jane\" target=\"_self\">Calamity Jane<\/a> .  Doble extracci\u00f3n de tuber\u00eda de 42 pulgadas y extracci\u00f3n directa de tuber\u00eda de 42 pulgadas.\n.\u00a0<\/p>\n\n\n\n<p class=\"translation-block\">-Apomattox en 2017-2018 el Golfo de M\u00e9xico a bordo del<a href=\"https:\/\/allseas.com\/project\/reliance-dhirubhai\/audacia\" target=\"_self\"> Audacia<\/a>, Solitaire.  Instalaci\u00f3n de ~145 km de ducto de exportaci\u00f3n de petr\u00f3leo de 24 pulgadas y ~88 km de ducto de exportaci\u00f3n de gas de 16 pulgadas.<\/p>\n\n\n\n<p>-Turkstream en 2017-2018 Mar Negro a bordo de<a href=\"https:\/\/allseas.com\/project\/turkstream\/pioneering-spirit\"> Pioneering Spirit<\/a>, <a href=\"https:\/\/allseas.com\/project\/turkstream\/audacia\">Audacia<\/a> La tuber\u00eda m\u00e1s larga en la historia de Allseas (hasta la fecha).&nbsp;<\/p>\n\n\n\n<p>-Nordstream en 2018-2019 Mar B\u00e1ltico a bordo de<a href=\"https:\/\/allseas.com\/project\/nord-stream-2\/pioneering-spirit\"> Pioneering Spirit<\/a>, <a href=\"https:\/\/allseas.com\/project\/nord-stream-2\/solitaire\">Solitaire<\/a>, <a href=\"https:\/\/allseas.com\/project\/nord-stream-2\/audacia\">Audacia<\/a>, <a href=\"https:\/\/allseas.com\/project\/nord-stream-2\/calamity-jane\">Calamity Jane<\/a>, <a href=\"https:\/\/allseas.com\/project\/nord-stream-2\/fortitude\">Fortitude<\/a>, <a href=\"https:\/\/allseas.com\/project\/nord-stream-2\/oceanic\">Oceanic<\/a> .&nbsp;<\/p>\n\n\n\n<p>-Leviat\u00e1n en 2018-2019 el Mediterr\u00e1neo (Israel) a bordo de Audacia y Lorelay. Instalaci\u00f3n de tuber\u00eda, con di\u00e1metros que van desde 6 pulgadas hasta 32 pulgadas. Instalaci\u00f3n de m\u00faltiples estructuras submarinas y de cruce.&nbsp;<\/p>\n\n\n\n<p>-Tamar SW en 2020 el Mediterr\u00e1neo a bordo de Audacia. Instalaci\u00f3n de l\u00ednea, m\u00e1s dos PLETs. Con personal como: soldadores, platos, ayudantes de soldador, soldadores autom\u00e1ticos y aparejadores.<\/p>\n\n\n\n<p>Tuber\u00eda ramal Europipe II en 2021 Mar del Norte (sector dan\u00e9s) a bordo<a href=\"https:\/\/allseas.com\/project\/europipe-ii-branch-pipeline\/pioneering-spirit\"> Pioneering Spirit<\/a>, <a href=\"https:\/\/allseas.com\/project\/europipe-ii-branch-pipeline\/lorelay\">Lorelay<\/a>, <a href=\"https:\/\/allseas.com\/project\/europipe-ii-branch-pipeline\/tog-mor\">Tog Mor<\/a>, <a href=\"https:\/\/allseas.com\/project\/europipe-ii-branch-pipeline\/oceanic\">Oceanic<\/a> Instalaci\u00f3n de un ramal de tuber\u00eda de ~105 km que conecta Europipe II con el continente dan\u00e9s&nbsp;<\/p>","protected":false},"excerpt":{"rendered":"<p>Several projects, some of them are: -Sable Offshore Energy Project in 1999 in Canada on board the Lorelay, Solitaire and Trenchsetter. Pipeline installation.&nbsp; -Diana\/Hoover Development Project in 1999 in the Gulf of Mexico on board the Solitaire and Lorelay. Pipeline installation. -Malampaya Project in 2000 in the China South Sea on board the Solitaire. Pipeline [&hellip;]<\/p>","protected":false},"author":3,"featured_media":0,"parent":0,"menu_order":0,"comment_status":"closed","ping_status":"closed","template":"","meta":[],"acf":[],"yoast_head":"<!-- This site is optimized with the Yoast SEO plugin v21.1 - https:\/\/yoast.com\/wordpress\/plugins\/seo\/ -->\n<title>Allseas Marine Contractors\u00a0 - IMOS Offshore<\/title>\n<meta name=\"robots\" content=\"index, follow, max-snippet:-1, max-image-preview:large, max-video-preview:-1\" \/>\n<link rel=\"canonical\" href=\"https:\/\/www.imosoffshore.com\/es\/allseas-marine-contractors\/\" \/>\n<meta property=\"og:locale\" content=\"es_ES\" \/>\n<meta property=\"og:type\" content=\"article\" \/>\n<meta property=\"og:title\" content=\"Allseas Marine Contractors\u00a0 - IMOS Offshore\" \/>\n<meta property=\"og:description\" content=\"Several projects, some of them are: -Sable Offshore Energy Project in 1999 in Canada on board the Lorelay, Solitaire and Trenchsetter. Pipeline installation.&nbsp; -Diana\/Hoover Development Project in 1999 in the Gulf of Mexico on board the Solitaire and Lorelay. Pipeline installation. -Malampaya Project in 2000 in the China South Sea on board the Solitaire. Pipeline [&hellip;]\" \/>\n<meta property=\"og:url\" content=\"https:\/\/www.imosoffshore.com\/es\/allseas-marine-contractors\/\" \/>\n<meta property=\"og:site_name\" content=\"IMOS Offshore\" \/>\n<meta property=\"article:modified_time\" content=\"2023-04-18T09:21:00+00:00\" \/>\n<meta name=\"twitter:card\" content=\"summary_large_image\" \/>\n<meta name=\"twitter:label1\" content=\"Tiempo de lectura\" \/>\n\t<meta name=\"twitter:data1\" content=\"2 minutos\" \/>\n<script type=\"application\/ld+json\" class=\"yoast-schema-graph\">{\"@context\":\"https:\/\/schema.org\",\"@graph\":[{\"@type\":\"WebPage\",\"@id\":\"https:\/\/www.imosoffshore.com\/allseas-marine-contractors\/\",\"url\":\"https:\/\/www.imosoffshore.com\/allseas-marine-contractors\/\",\"name\":\"Allseas Marine Contractors\u00a0 - IMOS Offshore\",\"isPartOf\":{\"@id\":\"https:\/\/www.imosoffshore.com\/#website\"},\"datePublished\":\"2023-04-18T09:20:24+00:00\",\"dateModified\":\"2023-04-18T09:21:00+00:00\",\"breadcrumb\":{\"@id\":\"https:\/\/www.imosoffshore.com\/allseas-marine-contractors\/#breadcrumb\"},\"inLanguage\":\"es\",\"potentialAction\":[{\"@type\":\"ReadAction\",\"target\":[\"https:\/\/www.imosoffshore.com\/allseas-marine-contractors\/\"]}]},{\"@type\":\"BreadcrumbList\",\"@id\":\"https:\/\/www.imosoffshore.com\/allseas-marine-contractors\/#breadcrumb\",\"itemListElement\":[{\"@type\":\"ListItem\",\"position\":1,\"name\":\"Home\",\"item\":\"https:\/\/www.imosoffshore.com\/\"},{\"@type\":\"ListItem\",\"position\":2,\"name\":\"Allseas Marine Contractors\u00a0\"}]},{\"@type\":\"WebSite\",\"@id\":\"https:\/\/www.imosoffshore.com\/#website\",\"url\":\"https:\/\/www.imosoffshore.com\/\",\"name\":\"IMOS Offshore\",\"description\":\"Global Industrial Welding Services\",\"publisher\":{\"@id\":\"https:\/\/www.imosoffshore.com\/#organization\"},\"potentialAction\":[{\"@type\":\"SearchAction\",\"target\":{\"@type\":\"EntryPoint\",\"urlTemplate\":\"https:\/\/www.imosoffshore.com\/?s={search_term_string}\"},\"query-input\":\"required name=search_term_string\"}],\"inLanguage\":\"es\"},{\"@type\":\"Organization\",\"@id\":\"https:\/\/www.imosoffshore.com\/#organization\",\"name\":\"IMOS Offshore\",\"url\":\"https:\/\/www.imosoffshore.com\/\",\"logo\":{\"@type\":\"ImageObject\",\"inLanguage\":\"es\",\"@id\":\"https:\/\/www.imosoffshore.com\/#\/schema\/logo\/image\/\",\"url\":\"https:\/\/www.imosoffshore.com\/wp-content\/uploads\/2021\/05\/Imos_offshore_logo.jpg\",\"contentUrl\":\"https:\/\/www.imosoffshore.com\/wp-content\/uploads\/2021\/05\/Imos_offshore_logo.jpg\",\"width\":644,\"height\":272,\"caption\":\"IMOS Offshore\"},\"image\":{\"@id\":\"https:\/\/www.imosoffshore.com\/#\/schema\/logo\/image\/\"},\"sameAs\":[\"https:\/\/www.linkedin.com\/company\/imos-offshore\/about\/\"]}]}<\/script>\n<!-- \/ Yoast SEO plugin. -->","yoast_head_json":{"title":"Allseas Marine Contractors\u00a0 - IMOS Offshore","robots":{"index":"index","follow":"follow","max-snippet":"max-snippet:-1","max-image-preview":"max-image-preview:large","max-video-preview":"max-video-preview:-1"},"canonical":"https:\/\/www.imosoffshore.com\/es\/allseas-marine-contractors\/","og_locale":"es_ES","og_type":"article","og_title":"Allseas Marine Contractors\u00a0 - IMOS Offshore","og_description":"Several projects, some of them are: -Sable Offshore Energy Project in 1999 in Canada on board the Lorelay, Solitaire and Trenchsetter. Pipeline installation.&nbsp; -Diana\/Hoover Development Project in 1999 in the Gulf of Mexico on board the Solitaire and Lorelay. Pipeline installation. -Malampaya Project in 2000 in the China South Sea on board the Solitaire. Pipeline [&hellip;]","og_url":"https:\/\/www.imosoffshore.com\/es\/allseas-marine-contractors\/","og_site_name":"IMOS Offshore","article_modified_time":"2023-04-18T09:21:00+00:00","twitter_card":"summary_large_image","twitter_misc":{"Tiempo de lectura":"2 minutos"},"schema":{"@context":"https:\/\/schema.org","@graph":[{"@type":"WebPage","@id":"https:\/\/www.imosoffshore.com\/allseas-marine-contractors\/","url":"https:\/\/www.imosoffshore.com\/allseas-marine-contractors\/","name":"Allseas Marine Contractors\u00a0 - IMOS Offshore","isPartOf":{"@id":"https:\/\/www.imosoffshore.com\/#website"},"datePublished":"2023-04-18T09:20:24+00:00","dateModified":"2023-04-18T09:21:00+00:00","breadcrumb":{"@id":"https:\/\/www.imosoffshore.com\/allseas-marine-contractors\/#breadcrumb"},"inLanguage":"es","potentialAction":[{"@type":"ReadAction","target":["https:\/\/www.imosoffshore.com\/allseas-marine-contractors\/"]}]},{"@type":"BreadcrumbList","@id":"https:\/\/www.imosoffshore.com\/allseas-marine-contractors\/#breadcrumb","itemListElement":[{"@type":"ListItem","position":1,"name":"Home","item":"https:\/\/www.imosoffshore.com\/"},{"@type":"ListItem","position":2,"name":"Allseas Marine Contractors\u00a0"}]},{"@type":"WebSite","@id":"https:\/\/www.imosoffshore.com\/#website","url":"https:\/\/www.imosoffshore.com\/","name":"IMOS Offshore","description":"Global Industrial Welding Services","publisher":{"@id":"https:\/\/www.imosoffshore.com\/#organization"},"potentialAction":[{"@type":"SearchAction","target":{"@type":"EntryPoint","urlTemplate":"https:\/\/www.imosoffshore.com\/?s={search_term_string}"},"query-input":"required name=search_term_string"}],"inLanguage":"es"},{"@type":"Organization","@id":"https:\/\/www.imosoffshore.com\/#organization","name":"IMOS Offshore","url":"https:\/\/www.imosoffshore.com\/","logo":{"@type":"ImageObject","inLanguage":"es","@id":"https:\/\/www.imosoffshore.com\/#\/schema\/logo\/image\/","url":"https:\/\/www.imosoffshore.com\/wp-content\/uploads\/2021\/05\/Imos_offshore_logo.jpg","contentUrl":"https:\/\/www.imosoffshore.com\/wp-content\/uploads\/2021\/05\/Imos_offshore_logo.jpg","width":644,"height":272,"caption":"IMOS Offshore"},"image":{"@id":"https:\/\/www.imosoffshore.com\/#\/schema\/logo\/image\/"},"sameAs":["https:\/\/www.linkedin.com\/company\/imos-offshore\/about\/"]}]}},"_links":{"self":[{"href":"https:\/\/www.imosoffshore.com\/es\/wp-json\/wp\/v2\/pages\/3493"}],"collection":[{"href":"https:\/\/www.imosoffshore.com\/es\/wp-json\/wp\/v2\/pages"}],"about":[{"href":"https:\/\/www.imosoffshore.com\/es\/wp-json\/wp\/v2\/types\/page"}],"author":[{"embeddable":true,"href":"https:\/\/www.imosoffshore.com\/es\/wp-json\/wp\/v2\/users\/3"}],"replies":[{"embeddable":true,"href":"https:\/\/www.imosoffshore.com\/es\/wp-json\/wp\/v2\/comments?post=3493"}],"version-history":[{"count":3,"href":"https:\/\/www.imosoffshore.com\/es\/wp-json\/wp\/v2\/pages\/3493\/revisions"}],"predecessor-version":[{"id":3496,"href":"https:\/\/www.imosoffshore.com\/es\/wp-json\/wp\/v2\/pages\/3493\/revisions\/3496"}],"wp:attachment":[{"href":"https:\/\/www.imosoffshore.com\/es\/wp-json\/wp\/v2\/media?parent=3493"}],"curies":[{"name":"wp","href":"https:\/\/api.w.org\/{rel}","templated":true}]}}